{"id":43,"date":"2011-01-20T08:25:50","date_gmt":"2011-01-20T08:25:50","guid":{"rendered":"http:\/\/rhuys-concept.com\/WordPress\/2011\/?page_id=43"},"modified":"2025-11-04T14:42:33","modified_gmt":"2025-11-04T14:42:33","slug":"accueil","status":"publish","type":"page","link":"https:\/\/www.rhuys-concept.com\/","title":{"rendered":"Rhuys Concept"},"content":{"rendered":"<p>&nbsp;<\/p>\n<p>Rhuys Concept est \u00e0 vos c\u00f4t\u00e9s depuis plus de 12 ans avec une palette de comp\u00e9tences \u00e0 votre service pour vous accompagner sur l&rsquo;ensemble de vos projets: de la conception \u00e0 la mise en plan, du test de faisabilit\u00e9 au prototypage.<\/p>\n<p>Nos \u00e9quipes sont \u00e0 votre \u00e9coute pour assurer la r\u00e9ussite de vos projets. Nous avons une solide exp\u00e9rience dans diff\u00e9rents secteurs : Agroalimentaire, Levage\/manutention, Chaudronnerie, Constructions m\u00e9talliques\u00a0 et Nautisme.<\/p>\n<h2 style=\"text-align: center;\"><strong>Ils nous font confiance<\/strong><\/h2>\n<div id=\"metaslider-id-432\" style=\"width: 100%;\" class=\"ml-slider-3-102-0 metaslider metaslider-flex metaslider-432 ml-slider has-dots-nav ms-theme-default-base nav-hidden\" role=\"region\" aria-label=\"Nouveau diaporama\" data-height=\"300\" data-width=\"700\">\n    <div id=\"metaslider_container_432\">\n        <div id=\"metaslider_432\">\n            <ul aria-live='off' class='slides'>\n                <li style=\"display: block; width: 100%;\" class=\"slide-433 ms-image \" aria-roledescription=\"slide\" data-date=\"2025-11-04 14:41:17\" data-slide-type=\"image\"><img loading=\"lazy\" decoding=\"async\" width=\"1080\" height=\"674\" src=\"https:\/\/rhuys-concept.com\/WordPress\/2011\/wp-content\/uploads\/2025\/11\/saur_france_logo-PNG-2.png\" class=\"slider-432 slide-433 msDefaultImage\" alt=\"\" rel=\"\" title=\"saur_france_logo PNG (2)\" style=\"margin: 0 auto; width: 68.673166596015%\" srcset=\"https:\/\/rhuys-concept.com\/WordPress\/2011\/wp-content\/uploads\/2025\/11\/saur_france_logo-PNG-2.png 1080w, https:\/\/rhuys-concept.com\/WordPress\/2011\/wp-content\/uploads\/2025\/11\/saur_france_logo-PNG-2-300x187.png 300w, https:\/\/rhuys-concept.com\/WordPress\/2011\/wp-content\/uploads\/2025\/11\/saur_france_logo-PNG-2-1024x639.png 1024w, https:\/\/rhuys-concept.com\/WordPress\/2011\/wp-content\/uploads\/2025\/11\/saur_france_logo-PNG-2-768x479.png 768w\" sizes=\"auto, (max-width: 1080px) 100vw, 1080px\" \/><\/li>\n                <li style=\"display: none; width: 100%;\" class=\"slide-434 ms-image \" aria-roledescription=\"slide\" data-date=\"2025-11-04 14:41:56\" data-slide-type=\"image\"><img loading=\"lazy\" decoding=\"async\" width=\"371\" height=\"247\" src=\"https:\/\/rhuys-concept.com\/WordPress\/2011\/wp-content\/uploads\/2025\/11\/logo-vinci-500x500-1.jpg\" class=\"slider-432 slide-434 msDefaultImage\" alt=\"\" rel=\"\" title=\"logo-vinci-500x500\" style=\"margin: 0 auto; width: 64.372469635628%\" srcset=\"https:\/\/rhuys-concept.com\/WordPress\/2011\/wp-content\/uploads\/2025\/11\/logo-vinci-500x500-1.jpg 371w, https:\/\/rhuys-concept.com\/WordPress\/2011\/wp-content\/uploads\/2025\/11\/logo-vinci-500x500-1-300x200.jpg 300w\" sizes=\"auto, (max-width: 371px) 100vw, 371px\" \/><\/li>\n                <li style=\"display: none; width: 100%;\" class=\"slide-435 ms-image \" aria-roledescription=\"slide\" data-date=\"2025-11-04 14:41:56\" data-slide-type=\"image\"><img loading=\"lazy\" decoding=\"async\" width=\"600\" height=\"600\" src=\"https:\/\/rhuys-concept.com\/WordPress\/2011\/wp-content\/uploads\/2020\/05\/Arial.jpg\" class=\"slider-432 slide-435 msDefaultImage\" alt=\"\" rel=\"\" title=\"Arial\" style=\"margin: 0 auto; width: 42.857142857143%\" srcset=\"https:\/\/rhuys-concept.com\/WordPress\/2011\/wp-content\/uploads\/2020\/05\/Arial.jpg 600w, https:\/\/rhuys-concept.com\/WordPress\/2011\/wp-content\/uploads\/2020\/05\/Arial-300x300.jpg 300w, https:\/\/rhuys-concept.com\/WordPress\/2011\/wp-content\/uploads\/2020\/05\/Arial-150x150.jpg 150w\" sizes=\"auto, (max-width: 600px) 100vw, 600px\" \/><\/li>\n                <li style=\"display: none; width: 100%;\" class=\"slide-436 ms-image \" aria-roledescription=\"slide\" data-date=\"2025-11-04 14:41:56\" data-slide-type=\"image\"><img loading=\"lazy\" decoding=\"async\" width=\"500\" height=\"137\" src=\"https:\/\/rhuys-concept.com\/WordPress\/2011\/wp-content\/uploads\/2020\/05\/tetra-pak-twoliner-logotype.png\" class=\"slider-432 slide-436 msDefaultImage\" alt=\"\" rel=\"\" title=\"tetra-pak-twoliner-logotype\" style=\"margin-top: 7.7285714285714%\" srcset=\"https:\/\/rhuys-concept.com\/WordPress\/2011\/wp-content\/uploads\/2020\/05\/tetra-pak-twoliner-logotype.png 500w, https:\/\/rhuys-concept.com\/WordPress\/2011\/wp-content\/uploads\/2020\/05\/tetra-pak-twoliner-logotype-300x82.png 300w\" sizes=\"auto, (max-width: 500px) 100vw, 500px\" \/><\/li>\n                <li style=\"display: none; width: 100%;\" class=\"slide-437 ms-image \" aria-roledescription=\"slide\" data-date=\"2025-11-04 14:41:56\" data-slide-type=\"image\"><img loading=\"lazy\" decoding=\"async\" width=\"200\" height=\"200\" src=\"https:\/\/rhuys-concept.com\/WordPress\/2011\/wp-content\/uploads\/2020\/05\/actil.png\" class=\"slider-432 slide-437 msDefaultImage\" alt=\"\" rel=\"\" title=\"actil\" style=\"margin: 0 auto; width: 42.857142857143%\" srcset=\"https:\/\/rhuys-concept.com\/WordPress\/2011\/wp-content\/uploads\/2020\/05\/actil.png 200w, https:\/\/rhuys-concept.com\/WordPress\/2011\/wp-content\/uploads\/2020\/05\/actil-150x150.png 150w\" sizes=\"auto, (max-width: 200px) 100vw, 200px\" \/><\/li>\n                <li style=\"display: none; width: 100%;\" class=\"slide-438 ms-image \" aria-roledescription=\"slide\" data-date=\"2025-11-04 14:41:56\" data-slide-type=\"image\"><img loading=\"lazy\" decoding=\"async\" width=\"275\" height=\"183\" src=\"https:\/\/rhuys-concept.com\/WordPress\/2011\/wp-content\/uploads\/2020\/02\/Yves-Rocher.png\" class=\"slider-432 slide-438 msDefaultImage\" alt=\"\" rel=\"\" title=\"Yves Rocher\" style=\"margin: 0 auto; width: 64.40281030445%\" \/><\/li>\n                <li style=\"display: none; width: 100%;\" class=\"slide-439 ms-image \" aria-roledescription=\"slide\" data-date=\"2025-11-04 14:41:56\" data-slide-type=\"image\"><img loading=\"lazy\" decoding=\"async\" width=\"343\" height=\"147\" src=\"https:\/\/rhuys-concept.com\/WordPress\/2011\/wp-content\/uploads\/2020\/02\/Rousselot.jpg\" class=\"slider-432 slide-439 msDefaultImage\" alt=\"\" rel=\"\" title=\"Rousselot\" style=\"margin: 0 auto; width: 100%\" srcset=\"https:\/\/rhuys-concept.com\/WordPress\/2011\/wp-content\/uploads\/2020\/02\/Rousselot.jpg 343w, https:\/\/rhuys-concept.com\/WordPress\/2011\/wp-content\/uploads\/2020\/02\/Rousselot-300x129.jpg 300w\" sizes=\"auto, (max-width: 343px) 100vw, 343px\" \/><\/li>\n            <\/ul>\n        <\/div>\n        \n    <\/div>\n<\/div>\n<p>&nbsp;<\/p>\n<p>Nous r\u00e9pondons \u00e0 vos besoins avec rigueur en pla\u00e7ant vos contraintes au c\u0153ur de notre accompagnement. Notre connaissance<\/p>\n<p>&nbsp;<\/p>\n<blockquote class=\"gmail_quote\"><p><strong><a href=\"https:\/\/www.rhuys-concept.com\/?page_id=27\"><img loading=\"lazy\" decoding=\"async\" class=\" wp-image-302 alignleft\" src=\"https:\/\/rhuys-concept.com\/WordPress\/2011\/wp-content\/uploads\/2020\/09\/CAO.png\" alt=\"\" width=\"77\" height=\"77\" \/><\/a><\/strong><\/p>\n<p><a href=\"https:\/\/www.rhuys-concept.com\/?page_id=27\"><strong>CAO et \u00e9tudes<\/strong><\/a><\/p>\n<p>Mod\u00e9lisation 3D \u00e0 partir de votre cahier des charges, mises en plans, mod\u00e8les pour impression 3D<\/p><\/blockquote>\n<p>&nbsp;<\/p>\n<blockquote class=\"gmail_quote\"><p><strong><a href=\"https:\/\/www.rhuys-concept.com\/?page_id=21\"><img loading=\"lazy\" decoding=\"async\" class=\"wp-image-301 alignleft\" src=\"https:\/\/rhuys-concept.com\/WordPress\/2011\/wp-content\/uploads\/2020\/09\/Calculs.png\" alt=\"\" width=\"73\" height=\"72\" \/><\/a><a href=\"https:\/\/www.rhuys-concept.com\/?page_id=21\">Calculs<\/a><\/strong><\/p>\n<p>Optimisation et validation de mod\u00e8les et structures en fonction de vos contraintes (normes, fiabilit\u00e9, cout, &#8230;)<\/p><\/blockquote>\n<p>&nbsp;<\/p>\n<blockquote><p><strong><a href=\"https:\/\/www.rhuys-concept.com\/?page_id=328\"><img loading=\"lazy\" decoding=\"async\" class=\"wp-image-299 alignleft\" src=\"https:\/\/rhuys-concept.com\/WordPress\/2011\/wp-content\/uploads\/2020\/09\/process.png\" alt=\"Tuyauterie et am\u00e9nagement process\" width=\"72\" height=\"72\" \/><\/a><a href=\"https:\/\/www.rhuys-concept.com\/?page_id=328\">Tuyauterie et am\u00e9nagement process<\/a><\/strong><\/p>\n<p>Mod\u00e9lisation 3D d&rsquo;environnement technique, validation d&rsquo;int\u00e9gration, plans techniques<\/p><\/blockquote>\n<p>&nbsp;<\/p>\n<blockquote><p><a href=\"https:\/\/www.rhuys-concept.com\/?page_id=251\"><img loading=\"lazy\" decoding=\"async\" class=\"wp-image-307 alignleft\" src=\"https:\/\/rhuys-concept.com\/WordPress\/2011\/wp-content\/uploads\/2020\/09\/proto-2.png\" alt=\"Prototypage\" width=\"71\" height=\"72\" \/><\/a><a href=\"https:\/\/www.rhuys-concept.com\/?page_id=251\"><strong>Prototypage<\/strong><\/a><\/p>\n<p>R\u00e9alisation physique des mod\u00e8les pour validation avant passage en s\u00e9rie<\/p><\/blockquote>\n<p><img \/><\/p>\n<p>&nbsp;<\/p>\n<p>Implant\u00e9s en Bretagne, nous sommes mobiles et disponibles pour intervenir sur site en fonction des besoins de votre projet.<\/p>\n\n\t\t<style type=\"text\/css\">\n\t\t\t#gallery-1 {\n\t\t\t\tmargin: auto;\n\t\t\t}\n\t\t\t#gallery-1 .gallery-item {\n\t\t\t\tfloat: left;\n\t\t\t\tmargin-top: 10px;\n\t\t\t\ttext-align: center;\n\t\t\t\twidth: 33%;\n\t\t\t}\n\t\t\t#gallery-1 img {\n\t\t\t\tborder: 2px solid #cfcfcf;\n\t\t\t}\n\t\t\t#gallery-1 .gallery-caption {\n\t\t\t\tmargin-left: 0;\n\t\t\t}\n\t\t\t\/* see gallery_shortcode() in wp-includes\/media.php *\/\n\t\t<\/style>\n\t\t<div id='gallery-1' class='gallery galleryid-43 gallery-columns-3 gallery-size-medium'><dl class='gallery-item'>\n\t\t\t<dt class='gallery-icon landscape'>\n\t\t\t\t<img loading=\"lazy\" decoding=\"async\" width=\"300\" height=\"200\" src=\"https:\/\/rhuys-concept.com\/WordPress\/2011\/wp-content\/uploads\/2020\/01\/student-849822_640-300x200.jpg\" class=\"attachment-medium size-medium\" alt=\"\" srcset=\"https:\/\/rhuys-concept.com\/WordPress\/2011\/wp-content\/uploads\/2020\/01\/student-849822_640-300x200.jpg 300w, https:\/\/rhuys-concept.com\/WordPress\/2011\/wp-content\/uploads\/2020\/01\/student-849822_640.jpg 320w\" sizes=\"auto, (max-width: 300px) 100vw, 300px\" \/>\n\t\t\t<\/dt><\/dl><dl class='gallery-item'>\n\t\t\t<dt class='gallery-icon landscape'>\n\t\t\t\t<img loading=\"lazy\" decoding=\"async\" width=\"300\" height=\"200\" src=\"https:\/\/rhuys-concept.com\/WordPress\/2011\/wp-content\/uploads\/2020\/01\/close-up-of-blueprint-on-construction-table-300x200.jpg\" class=\"attachment-medium size-medium\" alt=\"\" srcset=\"https:\/\/rhuys-concept.com\/WordPress\/2011\/wp-content\/uploads\/2020\/01\/close-up-of-blueprint-on-construction-table-300x200.jpg 300w, https:\/\/rhuys-concept.com\/WordPress\/2011\/wp-content\/uploads\/2020\/01\/close-up-of-blueprint-on-construction-table-1024x683.jpg 1024w, https:\/\/rhuys-concept.com\/WordPress\/2011\/wp-content\/uploads\/2020\/01\/close-up-of-blueprint-on-construction-table-768x512.jpg 768w, https:\/\/rhuys-concept.com\/WordPress\/2011\/wp-content\/uploads\/2020\/01\/close-up-of-blueprint-on-construction-table-1536x1024.jpg 1536w, https:\/\/rhuys-concept.com\/WordPress\/2011\/wp-content\/uploads\/2020\/01\/close-up-of-blueprint-on-construction-table-2048x1365.jpg 2048w, https:\/\/rhuys-concept.com\/WordPress\/2011\/wp-content\/uploads\/2020\/01\/close-up-of-blueprint-on-construction-table-1568x1045.jpg 1568w\" sizes=\"auto, (max-width: 300px) 100vw, 300px\" \/>\n\t\t\t<\/dt><\/dl><dl class='gallery-item'>\n\t\t\t<dt class='gallery-icon landscape'>\n\t\t\t\t<img loading=\"lazy\" decoding=\"async\" width=\"300\" height=\"199\" src=\"https:\/\/rhuys-concept.com\/WordPress\/2011\/wp-content\/uploads\/2020\/01\/pressure-industry-industrial-meter-measure-300x199.jpg\" class=\"attachment-medium size-medium\" alt=\"\" srcset=\"https:\/\/rhuys-concept.com\/WordPress\/2011\/wp-content\/uploads\/2020\/01\/pressure-industry-industrial-meter-measure-300x199.jpg 300w, https:\/\/rhuys-concept.com\/WordPress\/2011\/wp-content\/uploads\/2020\/01\/pressure-industry-industrial-meter-measure-1024x681.jpg 1024w, https:\/\/rhuys-concept.com\/WordPress\/2011\/wp-content\/uploads\/2020\/01\/pressure-industry-industrial-meter-measure-768x511.jpg 768w, https:\/\/rhuys-concept.com\/WordPress\/2011\/wp-content\/uploads\/2020\/01\/pressure-industry-industrial-meter-measure-1536x1021.jpg 1536w, https:\/\/rhuys-concept.com\/WordPress\/2011\/wp-content\/uploads\/2020\/01\/pressure-industry-industrial-meter-measure-2048x1362.jpg 2048w, https:\/\/rhuys-concept.com\/WordPress\/2011\/wp-content\/uploads\/2020\/01\/pressure-industry-industrial-meter-measure-1568x1043.jpg 1568w\" sizes=\"auto, (max-width: 300px) 100vw, 300px\" \/>\n\t\t\t<\/dt><\/dl><br style=\"clear: both\" \/>\n\t\t<\/div>\n\n<p>&nbsp;<\/p>\n","protected":false},"excerpt":{"rendered":"<p>&nbsp; Rhuys Concept est \u00e0 vos c\u00f4t\u00e9s depuis plus de 12 ans avec une palette de comp\u00e9tences \u00e0 votre service pour vous accompagner sur l&rsquo;ensemble de vos projets: de la conception \u00e0 la mise en plan, du test de faisabilit\u00e9 au prototypage. Nos \u00e9quipes sont \u00e0 votre \u00e9coute pour assurer la r\u00e9ussite de vos projets.&hellip;<\/p>\n","protected":false},"author":1,"featured_media":0,"parent":0,"menu_order":0,"comment_status":"closed","ping_status":"closed","template":"","meta":{"footnotes":""},"class_list":["post-43","page","type-page","status-publish","hentry"],"_links":{"self":[{"href":"https:\/\/www.rhuys-concept.com\/index.php?rest_route=\/wp\/v2\/pages\/43","targetHints":{"allow":["GET"]}}],"collection":[{"href":"https:\/\/www.rhuys-concept.com\/index.php?rest_route=\/wp\/v2\/pages"}],"about":[{"href":"https:\/\/www.rhuys-concept.com\/index.php?rest_route=\/wp\/v2\/types\/page"}],"author":[{"embeddable":true,"href":"https:\/\/www.rhuys-concept.com\/index.php?rest_route=\/wp\/v2\/users\/1"}],"replies":[{"embeddable":true,"href":"https:\/\/www.rhuys-concept.com\/index.php?rest_route=%2Fwp%2Fv2%2Fcomments&post=43"}],"version-history":[{"count":47,"href":"https:\/\/www.rhuys-concept.com\/index.php?rest_route=\/wp\/v2\/pages\/43\/revisions"}],"predecessor-version":[{"id":440,"href":"https:\/\/www.rhuys-concept.com\/index.php?rest_route=\/wp\/v2\/pages\/43\/revisions\/440"}],"wp:attachment":[{"href":"https:\/\/www.rhuys-concept.com\/index.php?rest_route=%2Fwp%2Fv2%2Fmedia&parent=43"}],"curies":[{"name":"wp","href":"https:\/\/api.w.org\/{rel}","templated":true}]}}