{"id":27,"date":"2011-01-14T11:03:12","date_gmt":"2011-01-14T11:03:12","guid":{"rendered":"http:\/\/rhuys-concept.com\/WordPress\/2011\/?page_id=27"},"modified":"2022-02-01T10:53:28","modified_gmt":"2022-02-01T10:53:28","slug":"cao-et-etudes","status":"publish","type":"page","link":"https:\/\/www.rhuys-concept.com\/?page_id=27","title":{"rendered":"CAO et \u00e9tudes"},"content":{"rendered":"<p>La CAO, Conception Assist\u00e9 par Ordinateur, permet de cr\u00e9er et d&rsquo;optimiser des mod\u00e8les num\u00e9riques de pi\u00e8ces et d&rsquo;assemblages complexes avant leur fabrication prototype.<\/p>\n<p>Les \u00e9tudes optimisent votre conception selon des crit\u00e8res normatifs, \u00e9conomiques, design et performance.<\/p>\n<p><a href=\"http:\/\/rhuys-concept.com\/WordPress\/2011\/wp-content\/uploads\/2020\/01\/close-up-of-blueprint-on-construction-table-scaled.jpg\"><img loading=\"lazy\" decoding=\"async\" class=\"size-medium wp-image-100 aligncenter\" src=\"http:\/\/rhuys-concept.com\/WordPress\/2011\/wp-content\/uploads\/2020\/01\/close-up-of-blueprint-on-construction-table-300x200.jpg\" alt=\"\" width=\"300\" height=\"200\" srcset=\"https:\/\/rhuys-concept.com\/WordPress\/2011\/wp-content\/uploads\/2020\/01\/close-up-of-blueprint-on-construction-table-300x200.jpg 300w, https:\/\/rhuys-concept.com\/WordPress\/2011\/wp-content\/uploads\/2020\/01\/close-up-of-blueprint-on-construction-table-1024x683.jpg 1024w, https:\/\/rhuys-concept.com\/WordPress\/2011\/wp-content\/uploads\/2020\/01\/close-up-of-blueprint-on-construction-table-768x512.jpg 768w, https:\/\/rhuys-concept.com\/WordPress\/2011\/wp-content\/uploads\/2020\/01\/close-up-of-blueprint-on-construction-table-1536x1024.jpg 1536w, https:\/\/rhuys-concept.com\/WordPress\/2011\/wp-content\/uploads\/2020\/01\/close-up-of-blueprint-on-construction-table-2048x1365.jpg 2048w, https:\/\/rhuys-concept.com\/WordPress\/2011\/wp-content\/uploads\/2020\/01\/close-up-of-blueprint-on-construction-table-1568x1045.jpg 1568w\" sizes=\"auto, (max-width: 300px) 100vw, 300px\" \/><\/a><\/p>\n<h3>Passerelles de travail, de stockage et de manutention.<\/h3>\n\n\t\t<style type=\"text\/css\">\n\t\t\t#gallery-1 {\n\t\t\t\tmargin: auto;\n\t\t\t}\n\t\t\t#gallery-1 .gallery-item {\n\t\t\t\tfloat: left;\n\t\t\t\tmargin-top: 10px;\n\t\t\t\ttext-align: center;\n\t\t\t\twidth: 33%;\n\t\t\t}\n\t\t\t#gallery-1 img {\n\t\t\t\tborder: 2px solid #cfcfcf;\n\t\t\t}\n\t\t\t#gallery-1 .gallery-caption {\n\t\t\t\tmargin-left: 0;\n\t\t\t}\n\t\t\t\/* see gallery_shortcode() in wp-includes\/media.php *\/\n\t\t<\/style>\n\t\t<div id='gallery-1' class='gallery galleryid-27 gallery-columns-3 gallery-size-thumbnail'><dl class='gallery-item'>\n\t\t\t<dt class='gallery-icon landscape'>\n\t\t\t\t<img loading=\"lazy\" decoding=\"async\" width=\"150\" height=\"150\" src=\"https:\/\/rhuys-concept.com\/WordPress\/2011\/wp-content\/uploads\/2020\/02\/passerelle3-150x150.jpg\" class=\"attachment-thumbnail size-thumbnail\" alt=\"\" srcset=\"https:\/\/rhuys-concept.com\/WordPress\/2011\/wp-content\/uploads\/2020\/02\/passerelle3-150x150.jpg 150w, https:\/\/rhuys-concept.com\/WordPress\/2011\/wp-content\/uploads\/2020\/02\/passerelle3-300x300.jpg 300w\" sizes=\"auto, (max-width: 150px) 100vw, 150px\" \/>\n\t\t\t<\/dt><\/dl><dl class='gallery-item'>\n\t\t\t<dt class='gallery-icon landscape'>\n\t\t\t\t<img loading=\"lazy\" decoding=\"async\" width=\"150\" height=\"150\" src=\"https:\/\/rhuys-concept.com\/WordPress\/2011\/wp-content\/uploads\/2020\/02\/passerelle4-150x150.jpg\" class=\"attachment-thumbnail size-thumbnail\" alt=\"\" srcset=\"https:\/\/rhuys-concept.com\/WordPress\/2011\/wp-content\/uploads\/2020\/02\/passerelle4-150x150.jpg 150w, https:\/\/rhuys-concept.com\/WordPress\/2011\/wp-content\/uploads\/2020\/02\/passerelle4-300x300.jpg 300w\" sizes=\"auto, (max-width: 150px) 100vw, 150px\" \/>\n\t\t\t<\/dt><\/dl><dl class='gallery-item'>\n\t\t\t<dt class='gallery-icon landscape'>\n\t\t\t\t<img loading=\"lazy\" decoding=\"async\" width=\"150\" height=\"150\" src=\"https:\/\/rhuys-concept.com\/WordPress\/2011\/wp-content\/uploads\/2020\/09\/TRSG-1-1024x768-1-150x150.jpg\" class=\"attachment-thumbnail size-thumbnail\" alt=\"\" srcset=\"https:\/\/rhuys-concept.com\/WordPress\/2011\/wp-content\/uploads\/2020\/09\/TRSG-1-1024x768-1-150x150.jpg 150w, https:\/\/rhuys-concept.com\/WordPress\/2011\/wp-content\/uploads\/2020\/09\/TRSG-1-1024x768-1-300x300.jpg 300w\" sizes=\"auto, (max-width: 150px) 100vw, 150px\" \/>\n\t\t\t<\/dt><\/dl><br style=\"clear: both\" \/>\n\t\t<\/div>\n\n<h3>Cuves, r\u00e9acteurs et silos<\/h3>\n\n\t\t<style type=\"text\/css\">\n\t\t\t#gallery-2 {\n\t\t\t\tmargin: auto;\n\t\t\t}\n\t\t\t#gallery-2 .gallery-item {\n\t\t\t\tfloat: left;\n\t\t\t\tmargin-top: 10px;\n\t\t\t\ttext-align: center;\n\t\t\t\twidth: 50%;\n\t\t\t}\n\t\t\t#gallery-2 img {\n\t\t\t\tborder: 2px solid #cfcfcf;\n\t\t\t}\n\t\t\t#gallery-2 .gallery-caption {\n\t\t\t\tmargin-left: 0;\n\t\t\t}\n\t\t\t\/* see gallery_shortcode() in wp-includes\/media.php *\/\n\t\t<\/style>\n\t\t<div id='gallery-2' class='gallery galleryid-27 gallery-columns-2 gallery-size-medium'><dl class='gallery-item'>\n\t\t\t<dt class='gallery-icon landscape'>\n\t\t\t\t<img loading=\"lazy\" decoding=\"async\" width=\"300\" height=\"215\" src=\"https:\/\/rhuys-concept.com\/WordPress\/2011\/wp-content\/uploads\/2022\/02\/plan-reacteur-300x215.jpg\" class=\"attachment-medium size-medium\" alt=\"\" srcset=\"https:\/\/rhuys-concept.com\/WordPress\/2011\/wp-content\/uploads\/2022\/02\/plan-reacteur-300x215.jpg 300w, https:\/\/rhuys-concept.com\/WordPress\/2011\/wp-content\/uploads\/2022\/02\/plan-reacteur.jpg 653w\" sizes=\"auto, (max-width: 300px) 100vw, 300px\" \/>\n\t\t\t<\/dt><\/dl><dl class='gallery-item'>\n\t\t\t<dt class='gallery-icon landscape'>\n\t\t\t\t<img loading=\"lazy\" decoding=\"async\" width=\"300\" height=\"168\" src=\"https:\/\/rhuys-concept.com\/WordPress\/2011\/wp-content\/uploads\/2022\/02\/Reacteur-Carbo-diam2500-1-300x168.jpg\" class=\"attachment-medium size-medium\" alt=\"\" srcset=\"https:\/\/rhuys-concept.com\/WordPress\/2011\/wp-content\/uploads\/2022\/02\/Reacteur-Carbo-diam2500-1-300x168.jpg 300w, https:\/\/rhuys-concept.com\/WordPress\/2011\/wp-content\/uploads\/2022\/02\/Reacteur-Carbo-diam2500-1-1024x573.jpg 1024w, https:\/\/rhuys-concept.com\/WordPress\/2011\/wp-content\/uploads\/2022\/02\/Reacteur-Carbo-diam2500-1-768x430.jpg 768w, https:\/\/rhuys-concept.com\/WordPress\/2011\/wp-content\/uploads\/2022\/02\/Reacteur-Carbo-diam2500-1-1140x641.jpg 1140w, https:\/\/rhuys-concept.com\/WordPress\/2011\/wp-content\/uploads\/2022\/02\/Reacteur-Carbo-diam2500-1-540x304.jpg 540w, https:\/\/rhuys-concept.com\/WordPress\/2011\/wp-content\/uploads\/2022\/02\/Reacteur-Carbo-diam2500-1.jpg 1480w\" sizes=\"auto, (max-width: 300px) 100vw, 300px\" \/>\n\t\t\t<\/dt><\/dl><br style=\"clear: both\" \/>\n\t\t<\/div>\n\n<h3>Pi\u00e8ces et plans techniques<\/h3>\n<div>. Pi\u00e8ces et plans techniques<\/div>\n<div><\/div>\n<div>\n\n\t\t<style type=\"text\/css\">\n\t\t\t#gallery-3 {\n\t\t\t\tmargin: auto;\n\t\t\t}\n\t\t\t#gallery-3 .gallery-item {\n\t\t\t\tfloat: left;\n\t\t\t\tmargin-top: 10px;\n\t\t\t\ttext-align: center;\n\t\t\t\twidth: 33%;\n\t\t\t}\n\t\t\t#gallery-3 img {\n\t\t\t\tborder: 2px solid #cfcfcf;\n\t\t\t}\n\t\t\t#gallery-3 .gallery-caption {\n\t\t\t\tmargin-left: 0;\n\t\t\t}\n\t\t\t\/* see gallery_shortcode() in wp-includes\/media.php *\/\n\t\t<\/style>\n\t\t<div id='gallery-3' class='gallery galleryid-27 gallery-columns-3 gallery-size-thumbnail'><dl class='gallery-item'>\n\t\t\t<dt class='gallery-icon portrait'>\n\t\t\t\t<img loading=\"lazy\" decoding=\"async\" width=\"150\" height=\"150\" src=\"https:\/\/rhuys-concept.com\/WordPress\/2011\/wp-content\/uploads\/2020\/09\/Gate-Valves-Welded-Bonnet-Full-Standard-Port-800-Lb-1500-Lb--150x150.jpg\" class=\"attachment-thumbnail size-thumbnail\" alt=\"\" srcset=\"https:\/\/rhuys-concept.com\/WordPress\/2011\/wp-content\/uploads\/2020\/09\/Gate-Valves-Welded-Bonnet-Full-Standard-Port-800-Lb-1500-Lb--150x150.jpg 150w, https:\/\/rhuys-concept.com\/WordPress\/2011\/wp-content\/uploads\/2020\/09\/Gate-Valves-Welded-Bonnet-Full-Standard-Port-800-Lb-1500-Lb--300x300.jpg 300w\" sizes=\"auto, (max-width: 150px) 100vw, 150px\" \/>\n\t\t\t<\/dt><\/dl><dl class='gallery-item'>\n\t\t\t<dt class='gallery-icon landscape'>\n\t\t\t\t<img loading=\"lazy\" decoding=\"async\" width=\"150\" height=\"150\" src=\"https:\/\/rhuys-concept.com\/WordPress\/2011\/wp-content\/uploads\/2020\/09\/large-150x150.jpg\" class=\"attachment-thumbnail size-thumbnail\" alt=\"\" srcset=\"https:\/\/rhuys-concept.com\/WordPress\/2011\/wp-content\/uploads\/2020\/09\/large-150x150.jpg 150w, https:\/\/rhuys-concept.com\/WordPress\/2011\/wp-content\/uploads\/2020\/09\/large-300x300.jpg 300w\" sizes=\"auto, (max-width: 150px) 100vw, 150px\" \/>\n\t\t\t<\/dt><\/dl><dl class='gallery-item'>\n\t\t\t<dt class='gallery-icon landscape'>\n\t\t\t\t<img loading=\"lazy\" decoding=\"async\" width=\"150\" height=\"150\" src=\"https:\/\/rhuys-concept.com\/WordPress\/2011\/wp-content\/uploads\/2020\/09\/Direct-Mount-5-Valves-Manifold-Model-HM8512-2-1-e1600682489760-150x150.jpg\" class=\"attachment-thumbnail size-thumbnail\" alt=\"\" srcset=\"https:\/\/rhuys-concept.com\/WordPress\/2011\/wp-content\/uploads\/2020\/09\/Direct-Mount-5-Valves-Manifold-Model-HM8512-2-1-e1600682489760-150x150.jpg 150w, https:\/\/rhuys-concept.com\/WordPress\/2011\/wp-content\/uploads\/2020\/09\/Direct-Mount-5-Valves-Manifold-Model-HM8512-2-1-e1600682489760-300x300.jpg 300w\" sizes=\"auto, (max-width: 150px) 100vw, 150px\" \/>\n\t\t\t<\/dt><\/dl><br style=\"clear: both\" \/>\n\t\t<\/div>\n\n<\/div>\n<div><\/div>\n<h3>D\u00e9p\u00f4t de brevet d&rsquo;invention INPI et PCT<\/h3>\n<p>Rhuys Concept vous assiste dans votre d\u00e9marche de protection intellectuelle et prend en charge la partie illustration technique et accompagnement dans l&rsquo;ensemble des \u00e9tapes.<\/p>\n\n\t\t<style type=\"text\/css\">\n\t\t\t#gallery-4 {\n\t\t\t\tmargin: auto;\n\t\t\t}\n\t\t\t#gallery-4 .gallery-item {\n\t\t\t\tfloat: left;\n\t\t\t\tmargin-top: 10px;\n\t\t\t\ttext-align: center;\n\t\t\t\twidth: 33%;\n\t\t\t}\n\t\t\t#gallery-4 img {\n\t\t\t\tborder: 2px solid #cfcfcf;\n\t\t\t}\n\t\t\t#gallery-4 .gallery-caption {\n\t\t\t\tmargin-left: 0;\n\t\t\t}\n\t\t\t\/* see gallery_shortcode() in wp-includes\/media.php *\/\n\t\t<\/style>\n\t\t<div id='gallery-4' class='gallery galleryid-27 gallery-columns-3 gallery-size-thumbnail'><dl class='gallery-item'>\n\t\t\t<dt class='gallery-icon portrait'>\n\t\t\t\t<img loading=\"lazy\" decoding=\"async\" width=\"150\" height=\"150\" src=\"https:\/\/rhuys-concept.com\/WordPress\/2011\/wp-content\/uploads\/2020\/09\/draw-best-quality-patent-drawings-150x150.jpg\" class=\"attachment-thumbnail size-thumbnail\" alt=\"\" srcset=\"https:\/\/rhuys-concept.com\/WordPress\/2011\/wp-content\/uploads\/2020\/09\/draw-best-quality-patent-drawings-150x150.jpg 150w, https:\/\/rhuys-concept.com\/WordPress\/2011\/wp-content\/uploads\/2020\/09\/draw-best-quality-patent-drawings-300x300.jpg 300w\" sizes=\"auto, (max-width: 150px) 100vw, 150px\" \/>\n\t\t\t<\/dt><\/dl><dl class='gallery-item'>\n\t\t\t<dt class='gallery-icon portrait'>\n\t\t\t\t<img loading=\"lazy\" decoding=\"async\" width=\"150\" height=\"150\" src=\"https:\/\/rhuys-concept.com\/WordPress\/2011\/wp-content\/uploads\/2020\/09\/Patent_Drwg_3-150x150.jpg\" class=\"attachment-thumbnail size-thumbnail\" alt=\"\" srcset=\"https:\/\/rhuys-concept.com\/WordPress\/2011\/wp-content\/uploads\/2020\/09\/Patent_Drwg_3-150x150.jpg 150w, https:\/\/rhuys-concept.com\/WordPress\/2011\/wp-content\/uploads\/2020\/09\/Patent_Drwg_3-300x300.jpg 300w\" sizes=\"auto, (max-width: 150px) 100vw, 150px\" \/>\n\t\t\t<\/dt><\/dl><dl class='gallery-item'>\n\t\t\t<dt class='gallery-icon landscape'>\n\t\t\t\t<img loading=\"lazy\" decoding=\"async\" width=\"150\" height=\"150\" src=\"https:\/\/rhuys-concept.com\/WordPress\/2011\/wp-content\/uploads\/2020\/09\/images-1-150x150.jpg\" class=\"attachment-thumbnail size-thumbnail\" alt=\"\" \/>\n\t\t\t<\/dt><\/dl><br style=\"clear: both\" \/>\n\t\t<\/div>\n\n<p>&nbsp;<\/p>\n<h3>Mises en plan<\/h3>\n<p>Traduction de la pi\u00e8ce num\u00e9rique vers un plan compr\u00e9hensible pour la fabrication physique.<\/p>\n<p>&nbsp;<\/p>\n<p>&nbsp;<\/p>\n","protected":false},"excerpt":{"rendered":"<p>La CAO, Conception Assist\u00e9 par Ordinateur, permet de cr\u00e9er et d&rsquo;optimiser des mod\u00e8les num\u00e9riques de pi\u00e8ces et d&rsquo;assemblages complexes avant leur fabrication prototype. Les \u00e9tudes optimisent votre conception selon des crit\u00e8res normatifs, \u00e9conomiques, design et performance. Passerelles de travail, de stockage et de manutention. Cuves, r\u00e9acteurs et silos Pi\u00e8ces et plans techniques . Pi\u00e8ces et&hellip;<\/p>\n","protected":false},"author":1,"featured_media":0,"parent":0,"menu_order":2,"comment_status":"closed","ping_status":"closed","template":"","meta":{"footnotes":""},"class_list":["post-27","page","type-page","status-publish","hentry"],"_links":{"self":[{"href":"https:\/\/www.rhuys-concept.com\/index.php?rest_route=\/wp\/v2\/pages\/27","targetHints":{"allow":["GET"]}}],"collection":[{"href":"https:\/\/www.rhuys-concept.com\/index.php?rest_route=\/wp\/v2\/pages"}],"about":[{"href":"https:\/\/www.rhuys-concept.com\/index.php?rest_route=\/wp\/v2\/types\/page"}],"author":[{"embeddable":true,"href":"https:\/\/www.rhuys-concept.com\/index.php?rest_route=\/wp\/v2\/users\/1"}],"replies":[{"embeddable":true,"href":"https:\/\/www.rhuys-concept.com\/index.php?rest_route=%2Fwp%2Fv2%2Fcomments&post=27"}],"version-history":[{"count":41,"href":"https:\/\/www.rhuys-concept.com\/index.php?rest_route=\/wp\/v2\/pages\/27\/revisions"}],"predecessor-version":[{"id":401,"href":"https:\/\/www.rhuys-concept.com\/index.php?rest_route=\/wp\/v2\/pages\/27\/revisions\/401"}],"wp:attachment":[{"href":"https:\/\/www.rhuys-concept.com\/index.php?rest_route=%2Fwp%2Fv2%2Fmedia&parent=27"}],"curies":[{"name":"wp","href":"https:\/\/api.w.org\/{rel}","templated":true}]}}