{"id":251,"date":"2020-09-18T13:26:09","date_gmt":"2020-09-18T13:26:09","guid":{"rendered":"https:\/\/www.rhuys-concept.com\/?page_id=251"},"modified":"2020-09-22T08:56:01","modified_gmt":"2020-09-22T08:56:01","slug":"prototypage","status":"publish","type":"page","link":"https:\/\/www.rhuys-concept.com\/?page_id=251","title":{"rendered":"Prototypage"},"content":{"rendered":"<p>Afin de vous offrir une prestation compl\u00e8te pour vos projets, Rhuys Concept \u00e9tudie, con\u00e7oit, dessine, calcule et r\u00e9alise vos prototypes. Un seul interlocuteur tout au long du projet.<\/p>\n<p>L&rsquo;objectif du prototypage peut \u00eatre simplement illustratif pour illustrer et appuyer vos demandes de financement projet, il peut aussi valider un encombrement, confirmer un fonctionnement, servir pour des tests etc&#8230;<\/p>\n<p>Nos ateliers et une \u00e9troite collaboration avec des sp\u00e9cialistes de chaque domaine de la fabrication nous permettent de r\u00e9pondre rapidement \u00e0 vos besoins.<\/p>\n<p>De la fabrication additive (Impression 3D) aux pi\u00e8ces composites, en passant par des pi\u00e8ces usin\u00e9es (tous mat\u00e9riaux)\u00a0 Rhuys Concept est votre interlocuteur.<\/p>\n<hr \/>\n<p>Notre expertise nous permet de vous proposer les meilleurs mat\u00e9riaux et les meilleures technologies en fonction de l&rsquo;ensemble de vos contraintes.<\/p>\n<hr \/>\n\n\t\t<style type=\"text\/css\">\n\t\t\t#gallery-1 {\n\t\t\t\tmargin: auto;\n\t\t\t}\n\t\t\t#gallery-1 .gallery-item {\n\t\t\t\tfloat: left;\n\t\t\t\tmargin-top: 10px;\n\t\t\t\ttext-align: center;\n\t\t\t\twidth: 20%;\n\t\t\t}\n\t\t\t#gallery-1 img {\n\t\t\t\tborder: 2px solid #cfcfcf;\n\t\t\t}\n\t\t\t#gallery-1 .gallery-caption {\n\t\t\t\tmargin-left: 0;\n\t\t\t}\n\t\t\t\/* see gallery_shortcode() in wp-includes\/media.php *\/\n\t\t<\/style>\n\t\t<div id='gallery-1' class='gallery galleryid-251 gallery-columns-5 gallery-size-thumbnail'><dl class='gallery-item'>\n\t\t\t<dt class='gallery-icon landscape'>\n\t\t\t\t<img loading=\"lazy\" decoding=\"async\" width=\"150\" height=\"150\" src=\"https:\/\/rhuys-concept.com\/WordPress\/2011\/wp-content\/uploads\/2020\/09\/clipart945894-1-150x150.png\" class=\"attachment-thumbnail size-thumbnail\" alt=\"\" aria-describedby=\"gallery-1-360\" srcset=\"https:\/\/rhuys-concept.com\/WordPress\/2011\/wp-content\/uploads\/2020\/09\/clipart945894-1-150x150.png 150w, https:\/\/rhuys-concept.com\/WordPress\/2011\/wp-content\/uploads\/2020\/09\/clipart945894-1-300x300.png 300w\" sizes=\"auto, (max-width: 150px) 100vw, 150px\" \/>\n\t\t\t<\/dt>\n\t\t\t\t<dd class='wp-caption-text gallery-caption' id='gallery-1-360'>\n\t\t\t\tImpression 3D\n\t\t\t\t<\/dd><\/dl><dl class='gallery-item'>\n\t\t\t<dt class='gallery-icon landscape'>\n\t\t\t\t<img loading=\"lazy\" decoding=\"async\" width=\"150\" height=\"150\" src=\"https:\/\/rhuys-concept.com\/WordPress\/2011\/wp-content\/uploads\/2020\/09\/kindpng_5891576-150x150.png\" class=\"attachment-thumbnail size-thumbnail\" alt=\"\" aria-describedby=\"gallery-1-361\" srcset=\"https:\/\/rhuys-concept.com\/WordPress\/2011\/wp-content\/uploads\/2020\/09\/kindpng_5891576-150x150.png 150w, https:\/\/rhuys-concept.com\/WordPress\/2011\/wp-content\/uploads\/2020\/09\/kindpng_5891576-300x300.png 300w\" sizes=\"auto, (max-width: 150px) 100vw, 150px\" \/>\n\t\t\t<\/dt>\n\t\t\t\t<dd class='wp-caption-text gallery-caption' id='gallery-1-361'>\n\t\t\t\tD\u00e9coupe\/gravure Laser\n\t\t\t\t<\/dd><\/dl><dl class='gallery-item'>\n\t\t\t<dt class='gallery-icon landscape'>\n\t\t\t\t<img loading=\"lazy\" decoding=\"async\" width=\"150\" height=\"150\" src=\"https:\/\/rhuys-concept.com\/WordPress\/2011\/wp-content\/uploads\/2020\/09\/pngguru.com_-150x150.png\" class=\"attachment-thumbnail size-thumbnail\" alt=\"\" aria-describedby=\"gallery-1-362\" srcset=\"https:\/\/rhuys-concept.com\/WordPress\/2011\/wp-content\/uploads\/2020\/09\/pngguru.com_-150x150.png 150w, https:\/\/rhuys-concept.com\/WordPress\/2011\/wp-content\/uploads\/2020\/09\/pngguru.com_-300x300.png 300w, https:\/\/rhuys-concept.com\/WordPress\/2011\/wp-content\/uploads\/2020\/09\/pngguru.com_-1024x1024.png 1024w, https:\/\/rhuys-concept.com\/WordPress\/2011\/wp-content\/uploads\/2020\/09\/pngguru.com_-768x768.png 768w, https:\/\/rhuys-concept.com\/WordPress\/2011\/wp-content\/uploads\/2020\/09\/pngguru.com_.png 1200w\" sizes=\"auto, (max-width: 150px) 100vw, 150px\" \/>\n\t\t\t<\/dt>\n\t\t\t\t<dd class='wp-caption-text gallery-caption' id='gallery-1-362'>\n\t\t\t\tFraisage\n\t\t\t\t<\/dd><\/dl><dl class='gallery-item'>\n\t\t\t<dt class='gallery-icon landscape'>\n\t\t\t\t<img loading=\"lazy\" decoding=\"async\" width=\"150\" height=\"150\" src=\"https:\/\/rhuys-concept.com\/WordPress\/2011\/wp-content\/uploads\/2020\/09\/pngguru.com-1-150x150.png\" class=\"attachment-thumbnail size-thumbnail\" alt=\"\" aria-describedby=\"gallery-1-363\" srcset=\"https:\/\/rhuys-concept.com\/WordPress\/2011\/wp-content\/uploads\/2020\/09\/pngguru.com-1-150x150.png 150w, https:\/\/rhuys-concept.com\/WordPress\/2011\/wp-content\/uploads\/2020\/09\/pngguru.com-1-300x300.png 300w\" sizes=\"auto, (max-width: 150px) 100vw, 150px\" \/>\n\t\t\t<\/dt>\n\t\t\t\t<dd class='wp-caption-text gallery-caption' id='gallery-1-363'>\n\t\t\t\tPlasma et jet d&rsquo;eau\n\t\t\t\t<\/dd><\/dl><dl class='gallery-item'>\n\t\t\t<dt class='gallery-icon landscape'>\n\t\t\t\t<img loading=\"lazy\" decoding=\"async\" width=\"150\" height=\"150\" src=\"https:\/\/rhuys-concept.com\/WordPress\/2011\/wp-content\/uploads\/2020\/09\/kindpng_5891605-150x150.png\" class=\"attachment-thumbnail size-thumbnail\" alt=\"\" aria-describedby=\"gallery-1-365\" srcset=\"https:\/\/rhuys-concept.com\/WordPress\/2011\/wp-content\/uploads\/2020\/09\/kindpng_5891605-150x150.png 150w, https:\/\/rhuys-concept.com\/WordPress\/2011\/wp-content\/uploads\/2020\/09\/kindpng_5891605-300x300.png 300w\" sizes=\"auto, (max-width: 150px) 100vw, 150px\" \/>\n\t\t\t<\/dt>\n\t\t\t\t<dd class='wp-caption-text gallery-caption' id='gallery-1-365'>\n\t\t\t\tSoudure\n\t\t\t\t<\/dd><\/dl><br style=\"clear: both\" \/>\n\t\t<\/div>\n\n<p>&nbsp;<\/p>\n","protected":false},"excerpt":{"rendered":"<p>Afin de vous offrir une prestation compl\u00e8te pour vos projets, Rhuys Concept \u00e9tudie, con\u00e7oit, dessine, calcule et r\u00e9alise vos prototypes. Un seul interlocuteur tout au long du projet. L&rsquo;objectif du prototypage peut \u00eatre simplement illustratif pour illustrer et appuyer vos demandes de financement projet, il peut aussi valider un encombrement, confirmer un fonctionnement, servir pour&hellip;<\/p>\n","protected":false},"author":1,"featured_media":0,"parent":0,"menu_order":0,"comment_status":"closed","ping_status":"closed","template":"","meta":{"footnotes":""},"class_list":["post-251","page","type-page","status-publish","hentry"],"_links":{"self":[{"href":"https:\/\/www.rhuys-concept.com\/index.php?rest_route=\/wp\/v2\/pages\/251","targetHints":{"allow":["GET"]}}],"collection":[{"href":"https:\/\/www.rhuys-concept.com\/index.php?rest_route=\/wp\/v2\/pages"}],"about":[{"href":"https:\/\/www.rhuys-concept.com\/index.php?rest_route=\/wp\/v2\/types\/page"}],"author":[{"embeddable":true,"href":"https:\/\/www.rhuys-concept.com\/index.php?rest_route=\/wp\/v2\/users\/1"}],"replies":[{"embeddable":true,"href":"https:\/\/www.rhuys-concept.com\/index.php?rest_route=%2Fwp%2Fv2%2Fcomments&post=251"}],"version-history":[{"count":7,"href":"https:\/\/www.rhuys-concept.com\/index.php?rest_route=\/wp\/v2\/pages\/251\/revisions"}],"predecessor-version":[{"id":387,"href":"https:\/\/www.rhuys-concept.com\/index.php?rest_route=\/wp\/v2\/pages\/251\/revisions\/387"}],"wp:attachment":[{"href":"https:\/\/www.rhuys-concept.com\/index.php?rest_route=%2Fwp%2Fv2%2Fmedia&parent=251"}],"curies":[{"name":"wp","href":"https:\/\/api.w.org\/{rel}","templated":true}]}}