{"id":21,"date":"2011-01-14T10:29:46","date_gmt":"2011-01-14T10:29:46","guid":{"rendered":"http:\/\/rhuys-concept.com\/WordPress\/2011\/?page_id=21"},"modified":"2020-09-22T08:52:12","modified_gmt":"2020-09-22T08:52:12","slug":"competences","status":"publish","type":"page","link":"https:\/\/www.rhuys-concept.com\/?page_id=21","title":{"rendered":"Calculs"},"content":{"rendered":"<h4>Analyse statique et dynamique.<\/h4>\n<p>Tous types de contraintes: neiges et vents, s\u00e9isme, thermique, fatigue, choc etc.<img loading=\"lazy\" decoding=\"async\" class=\"alignright wp-image-105 size-medium\" src=\"https:\/\/rhuys-concept.com\/WordPress\/2011\/wp-content\/uploads\/2020\/01\/valves-pipes-industry-300x200.jpg\" alt=\"\" width=\"300\" height=\"200\" srcset=\"https:\/\/rhuys-concept.com\/WordPress\/2011\/wp-content\/uploads\/2020\/01\/valves-pipes-industry-300x200.jpg 300w, https:\/\/rhuys-concept.com\/WordPress\/2011\/wp-content\/uploads\/2020\/01\/valves-pipes-industry-1024x683.jpg 1024w, https:\/\/rhuys-concept.com\/WordPress\/2011\/wp-content\/uploads\/2020\/01\/valves-pipes-industry-768x512.jpg 768w, https:\/\/rhuys-concept.com\/WordPress\/2011\/wp-content\/uploads\/2020\/01\/valves-pipes-industry-1536x1024.jpg 1536w, https:\/\/rhuys-concept.com\/WordPress\/2011\/wp-content\/uploads\/2020\/01\/valves-pipes-industry-2048x1365.jpg 2048w, https:\/\/rhuys-concept.com\/WordPress\/2011\/wp-content\/uploads\/2020\/01\/valves-pipes-industry-1568x1045.jpg 1568w\" sizes=\"auto, (max-width: 300px) 100vw, 300px\" \/><\/p>\n<ul>\n<li>Dimensionnement et notes de calcul pi\u00e8ces sp\u00e9ciales<\/li>\n<\/ul>\n<ul>\n<li>Calculs d&rsquo;installations industrielles, passerelles de travail, de stockage et de manutention<\/li>\n<\/ul>\n<hr \/>\n<p>L&rsquo;espace de travail engage la responsabilit\u00e9 du chef d&rsquo;entreprise, les outils et les acc\u00e8s sont r\u00e9glement\u00e9s et doivent \u00eatre v\u00e9rifi\u00e9s structurellement par des notes de calculs.<\/p>\n<div>\n<p>Chaque charpente de manutention doit faire l&rsquo;objet d&rsquo;une note de calcul avant les essais et validations par un bureau de contr\u00f4le.<\/p>\n<hr \/>\n<\/div>\n<ul>\n<li>Calculs de cuves \u00e0 pression atmosph\u00e9rique ou sous pression, installation ext\u00e9rieures ou int\u00e9rieures.<\/li>\n<\/ul>\n<hr \/>\n<p>Une note de calcul est obligatoire pour tout appareil dont la pression de service interne est sup\u00e9rieure ou \u00e9gale \u00e0 0.5 bar<\/p>\n<hr \/>\n<p>Normes: ISO, FEM, CM66 et Add80, DIN, EUROCODES, IBC, etc.<\/p>\n<ul>\n<li>Tuyauterie : Calcul de supportage et de pertes de charges dans les r\u00e9seaux. Secteurs: nucl\u00e9aire, \u00e9nergie, agro-<img loading=\"lazy\" decoding=\"async\" class=\"alignright wp-image-104 size-medium\" src=\"https:\/\/rhuys-concept.com\/WordPress\/2011\/wp-content\/uploads\/2020\/01\/pressure-industry-industrial-meter-measure-300x199.jpg\" alt=\"\" width=\"300\" height=\"199\" srcset=\"https:\/\/rhuys-concept.com\/WordPress\/2011\/wp-content\/uploads\/2020\/01\/pressure-industry-industrial-meter-measure-300x199.jpg 300w, https:\/\/rhuys-concept.com\/WordPress\/2011\/wp-content\/uploads\/2020\/01\/pressure-industry-industrial-meter-measure-1024x681.jpg 1024w, https:\/\/rhuys-concept.com\/WordPress\/2011\/wp-content\/uploads\/2020\/01\/pressure-industry-industrial-meter-measure-768x511.jpg 768w, https:\/\/rhuys-concept.com\/WordPress\/2011\/wp-content\/uploads\/2020\/01\/pressure-industry-industrial-meter-measure-1536x1021.jpg 1536w, https:\/\/rhuys-concept.com\/WordPress\/2011\/wp-content\/uploads\/2020\/01\/pressure-industry-industrial-meter-measure-2048x1362.jpg 2048w, https:\/\/rhuys-concept.com\/WordPress\/2011\/wp-content\/uploads\/2020\/01\/pressure-industry-industrial-meter-measure-1568x1043.jpg 1568w\" sizes=\"auto, (max-width: 300px) 100vw, 300px\" \/>alimentaire, cosm\u00e9tique, assainissement.<\/li>\n<\/ul>\n<p>Normes: CODETI, CODAP, ASMEE etc.<\/p>\n<p>&nbsp;<\/p>\n<p>Nos structures calcul\u00e9es et\/ou dessin\u00e9es par Rhuys Concept se retrouvent \u00e0 l&rsquo;international : Etats-Unis, Canada, Mexique, Maroc, Egypte, Iran, Irak, Russie, Grande-Bretagne, Pays-Bas, Belgique, Italie, Inde, Chine, etc.<\/p>\n<p>&nbsp;<\/p>\n\n\t\t<style type=\"text\/css\">\n\t\t\t#gallery-1 {\n\t\t\t\tmargin: auto;\n\t\t\t}\n\t\t\t#gallery-1 .gallery-item {\n\t\t\t\tfloat: left;\n\t\t\t\tmargin-top: 10px;\n\t\t\t\ttext-align: center;\n\t\t\t\twidth: 25%;\n\t\t\t}\n\t\t\t#gallery-1 img {\n\t\t\t\tborder: 2px solid #cfcfcf;\n\t\t\t}\n\t\t\t#gallery-1 .gallery-caption {\n\t\t\t\tmargin-left: 0;\n\t\t\t}\n\t\t\t\/* see gallery_shortcode() in wp-includes\/media.php *\/\n\t\t<\/style>\n\t\t<div id='gallery-1' class='gallery galleryid-21 gallery-columns-4 gallery-size-thumbnail'><dl class='gallery-item'>\n\t\t\t<dt class='gallery-icon landscape'>\n\t\t\t\t<img loading=\"lazy\" decoding=\"async\" width=\"150\" height=\"150\" src=\"https:\/\/rhuys-concept.com\/WordPress\/2011\/wp-content\/uploads\/2020\/02\/cuve-150x150.jpg\" class=\"attachment-thumbnail size-thumbnail\" alt=\"\" srcset=\"https:\/\/rhuys-concept.com\/WordPress\/2011\/wp-content\/uploads\/2020\/02\/cuve-150x150.jpg 150w, https:\/\/rhuys-concept.com\/WordPress\/2011\/wp-content\/uploads\/2020\/02\/cuve-300x300.jpg 300w\" sizes=\"auto, (max-width: 150px) 100vw, 150px\" \/>\n\t\t\t<\/dt><\/dl><dl class='gallery-item'>\n\t\t\t<dt class='gallery-icon landscape'>\n\t\t\t\t<img loading=\"lazy\" decoding=\"async\" width=\"150\" height=\"150\" src=\"https:\/\/rhuys-concept.com\/WordPress\/2011\/wp-content\/uploads\/2020\/02\/crochet-manutention-150x150.jpg\" class=\"attachment-thumbnail size-thumbnail\" alt=\"\" srcset=\"https:\/\/rhuys-concept.com\/WordPress\/2011\/wp-content\/uploads\/2020\/02\/crochet-manutention-150x150.jpg 150w, https:\/\/rhuys-concept.com\/WordPress\/2011\/wp-content\/uploads\/2020\/02\/crochet-manutention-300x300.jpg 300w\" sizes=\"auto, (max-width: 150px) 100vw, 150px\" \/>\n\t\t\t<\/dt><\/dl><dl class='gallery-item'>\n\t\t\t<dt class='gallery-icon landscape'>\n\t\t\t\t<img loading=\"lazy\" decoding=\"async\" width=\"150\" height=\"150\" src=\"https:\/\/rhuys-concept.com\/WordPress\/2011\/wp-content\/uploads\/2020\/02\/cuve-3-150x150.jpg\" class=\"attachment-thumbnail size-thumbnail\" alt=\"\" srcset=\"https:\/\/rhuys-concept.com\/WordPress\/2011\/wp-content\/uploads\/2020\/02\/cuve-3-150x150.jpg 150w, https:\/\/rhuys-concept.com\/WordPress\/2011\/wp-content\/uploads\/2020\/02\/cuve-3-300x300.jpg 300w\" sizes=\"auto, (max-width: 150px) 100vw, 150px\" \/>\n\t\t\t<\/dt><\/dl><dl class='gallery-item'>\n\t\t\t<dt class='gallery-icon landscape'>\n\t\t\t\t<img loading=\"lazy\" decoding=\"async\" width=\"150\" height=\"150\" src=\"https:\/\/rhuys-concept.com\/WordPress\/2011\/wp-content\/uploads\/2020\/02\/cuve2-150x150.jpg\" class=\"attachment-thumbnail size-thumbnail\" alt=\"\" srcset=\"https:\/\/rhuys-concept.com\/WordPress\/2011\/wp-content\/uploads\/2020\/02\/cuve2-150x150.jpg 150w, https:\/\/rhuys-concept.com\/WordPress\/2011\/wp-content\/uploads\/2020\/02\/cuve2-300x300.jpg 300w\" sizes=\"auto, (max-width: 150px) 100vw, 150px\" \/>\n\t\t\t<\/dt><\/dl><br style=\"clear: both\" \/>\n\t\t<\/div>\n\n","protected":false},"excerpt":{"rendered":"<p>Analyse statique et dynamique. Tous types de contraintes: neiges et vents, s\u00e9isme, thermique, fatigue, choc etc. Dimensionnement et notes de calcul pi\u00e8ces sp\u00e9ciales Calculs d&rsquo;installations industrielles, passerelles de travail, de stockage et de manutention L&rsquo;espace de travail engage la responsabilit\u00e9 du chef d&rsquo;entreprise, les outils et les acc\u00e8s sont r\u00e9glement\u00e9s et doivent \u00eatre v\u00e9rifi\u00e9s structurellement&hellip;<\/p>\n","protected":false},"author":1,"featured_media":0,"parent":0,"menu_order":3,"comment_status":"closed","ping_status":"closed","template":"","meta":{"footnotes":""},"class_list":["post-21","page","type-page","status-publish","hentry"],"_links":{"self":[{"href":"https:\/\/www.rhuys-concept.com\/index.php?rest_route=\/wp\/v2\/pages\/21","targetHints":{"allow":["GET"]}}],"collection":[{"href":"https:\/\/www.rhuys-concept.com\/index.php?rest_route=\/wp\/v2\/pages"}],"about":[{"href":"https:\/\/www.rhuys-concept.com\/index.php?rest_route=\/wp\/v2\/types\/page"}],"author":[{"embeddable":true,"href":"https:\/\/www.rhuys-concept.com\/index.php?rest_route=\/wp\/v2\/users\/1"}],"replies":[{"embeddable":true,"href":"https:\/\/www.rhuys-concept.com\/index.php?rest_route=%2Fwp%2Fv2%2Fcomments&post=21"}],"version-history":[{"count":31,"href":"https:\/\/www.rhuys-concept.com\/index.php?rest_route=\/wp\/v2\/pages\/21\/revisions"}],"predecessor-version":[{"id":386,"href":"https:\/\/www.rhuys-concept.com\/index.php?rest_route=\/wp\/v2\/pages\/21\/revisions\/386"}],"wp:attachment":[{"href":"https:\/\/www.rhuys-concept.com\/index.php?rest_route=%2Fwp%2Fv2%2Fmedia&parent=21"}],"curies":[{"name":"wp","href":"https:\/\/api.w.org\/{rel}","templated":true}]}}