{"id":2,"date":"2011-01-12T13:44:27","date_gmt":"2011-01-12T13:44:27","guid":{"rendered":"http:\/\/rhuys-concept.com\/WordPress\/2011\/\/?page_id=2"},"modified":"2022-02-01T09:21:03","modified_gmt":"2022-02-01T09:21:03","slug":"about","status":"publish","type":"page","link":"https:\/\/www.rhuys-concept.com\/?page_id=2","title":{"rendered":"L&rsquo;entreprise"},"content":{"rendered":"<p>Depuis 12 ans, une \u00e9quipe d\u2019ing\u00e9nieurs \u00e0 votre service.<\/p>\n<p style=\"padding-left: 40px;\">&#8211; Statut juridique : E.U.R.L.<\/p>\n<p style=\"padding-left: 40px;\">&#8211; Capital social : 5000 \u20ac<\/p>\n<p style=\"padding-left: 40px;\">&#8211; Si\u00e8ge Social : 3, rue de Gov\u00e9an, Zone de Kerollaire III, 56370 Sarzeau<\/p>\n<p style=\"padding-left: 40px;\">&#8211; T\u00e9l\u00e9phone: 02 97 26 80 68<\/p>\n<p style=\"padding-left: 40px;\">&#8211; N\u00b0 SIRET : 512 825 498 000 29<\/p>\n<p style=\"padding-left: 40px;\">&#8211; N\u00b0TVA : FR 52 512 825 498<\/p>\n<p style=\"padding-left: 40px;\">&#8211; Date de cr\u00e9ation : Juin 2009<\/p>\n<p style=\"padding-left: 40px;\">&#8211; Inscrit au registre du commerce de Vannes.<\/p>\n<p>&nbsp;<\/p>\n<p>&nbsp;<\/p>\n<div id=\"wpgmza_map\" class=\"wpgmza_map\" data-settings='{\"id\":\"1\",\"map_title\":\"3 rue de Gov\\u00e9an\",\"map_width\":\"100\",\"map_height\":\"400\",\"map_start_lat\":\"47.519322\",\"map_start_lng\":\"-2.785205\",\"map_start_location\":\"47.51932153612884,-2.7852053046227003\",\"map_start_zoom\":\"16\",\"default_marker\":\"0\",\"type\":\"1\",\"alignment\":\"2\",\"directions_enabled\":\"1\",\"styling_enabled\":\"0\",\"styling_json\":\"\",\"active\":\"0\",\"kml\":\"\",\"bicycle\":\"0\",\"traffic\":\"0\",\"dbox\":\"1\",\"dbox_width\":\"100\",\"listmarkers\":\"0\",\"listmarkers_advanced\":\"0\",\"filterbycat\":\"0\",\"ugm_enabled\":\"0\",\"ugm_category_enabled\":\"0\",\"fusion\":\"\",\"map_width_type\":\"\\\\%\",\"map_height_type\":\"px\",\"mass_marker_support\":\"1\",\"ugm_access\":\"0\",\"order_markers_by\":\"1\",\"order_markers_choice\":\"2\",\"show_user_location\":\"0\",\"default_to\":\"\",\"other_settings\":{\"store_locator_enabled\":2,\"store_locator_distance\":2,\"store_locator_default_radius\":10,\"store_locator_not_found_message\":\"No results found in this location. Please try again.\",\"store_locator_bounce\":1,\"store_locator_query_string\":\"Code Postal \\\/ Adresse\",\"store_locator_default_address\":\"\",\"wpgmza_store_locator_restrict\":\"\",\"wpgmza_store_locator_radius_style\":\"modern\",\"map_max_zoom\":\"1\",\"transport_layer\":0,\"wpgmza_show_points_of_interest\":0,\"wpgmza_auto_night\":0}}' data-map-id='1' Data-maps-engine='open-layers' data-shortcode-attributes='{\"id\":\"1\"}' style=\"display:block; overflow:auto; width:100%; height:400px; float:left;\"><\/div>\n","protected":false},"excerpt":{"rendered":"<p>Depuis 12 ans, une \u00e9quipe d\u2019ing\u00e9nieurs \u00e0 votre service. &#8211; Statut juridique : E.U.R.L. &#8211; Capital social : 5000 \u20ac &#8211; Si\u00e8ge Social : 3, rue de Gov\u00e9an, Zone de Kerollaire III, 56370 Sarzeau &#8211; T\u00e9l\u00e9phone: 02 97 26 80 68 &#8211; N\u00b0 SIRET : 512 825 498 000 29 &#8211; N\u00b0TVA : FR 52&hellip;<\/p>\n","protected":false},"author":1,"featured_media":0,"parent":0,"menu_order":8,"comment_status":"closed","ping_status":"closed","template":"","meta":{"footnotes":""},"class_list":["post-2","page","type-page","status-publish","hentry"],"_links":{"self":[{"href":"https:\/\/www.rhuys-concept.com\/index.php?rest_route=\/wp\/v2\/pages\/2","targetHints":{"allow":["GET"]}}],"collection":[{"href":"https:\/\/www.rhuys-concept.com\/index.php?rest_route=\/wp\/v2\/pages"}],"about":[{"href":"https:\/\/www.rhuys-concept.com\/index.php?rest_route=\/wp\/v2\/types\/page"}],"author":[{"embeddable":true,"href":"https:\/\/www.rhuys-concept.com\/index.php?rest_route=\/wp\/v2\/users\/1"}],"replies":[{"embeddable":true,"href":"https:\/\/www.rhuys-concept.com\/index.php?rest_route=%2Fwp%2Fv2%2Fcomments&post=2"}],"version-history":[{"count":19,"href":"https:\/\/www.rhuys-concept.com\/index.php?rest_route=\/wp\/v2\/pages\/2\/revisions"}],"predecessor-version":[{"id":389,"href":"https:\/\/www.rhuys-concept.com\/index.php?rest_route=\/wp\/v2\/pages\/2\/revisions\/389"}],"wp:attachment":[{"href":"https:\/\/www.rhuys-concept.com\/index.php?rest_route=%2Fwp%2Fv2%2Fmedia&parent=2"}],"curies":[{"name":"wp","href":"https:\/\/api.w.org\/{rel}","templated":true}]}}