{"id":18,"date":"2011-01-13T13:21:20","date_gmt":"2011-01-13T13:21:20","guid":{"rendered":"http:\/\/rhuys-concept.com\/WordPress\/2011\/?page_id=18"},"modified":"2022-02-01T09:22:01","modified_gmt":"2022-02-01T09:22:01","slug":"contact","status":"publish","type":"page","link":"https:\/\/www.rhuys-concept.com\/?page_id=18","title":{"rendered":"Contact et demande de devis"},"content":{"rendered":"<p>&nbsp;<\/p>\n<h3 class=\"O0\">Vous souhaitez prendre contact avec nous ou nous soumettre un projet ?<\/h3>\n<div><\/div>\n<div><\/div>\n<div><\/div>\n<div class=\"O0\">Contactez-nous directement et nous \u00e9changerons en d\u00e9tails sur vos probl\u00e9matiques, vos contraintes, votre planning<\/div>\n<div><\/div>\n<p>Rhuys Concept EURL<\/p>\n<p>3 rue de Gov\u00e9an, Zone de Kerollaire III, 56370 Sarzeau<\/p>\n<p>Tel : 02-97-26-80-68 \/ 06-20-79-69-40<\/p>\n<p>Email : contact(arobase)rhuys-concept.com<\/p>\n<p><a href=\"https:\/\/rhuys-concept.com\/WordPress\/2011\/wp-content\/uploads\/2020\/09\/images-gratuites-libres-de-droits-du-domaine-public-1-scaled.jpg\"><img loading=\"lazy\" decoding=\"async\" class=\"wp-image-284 size-medium aligncenter\" src=\"https:\/\/rhuys-concept.com\/WordPress\/2011\/wp-content\/uploads\/2020\/09\/images-gratuites-libres-de-droits-du-domaine-public-1-300x200.jpg\" alt=\"Contactez Rhuys Concept\" width=\"300\" height=\"200\" srcset=\"https:\/\/rhuys-concept.com\/WordPress\/2011\/wp-content\/uploads\/2020\/09\/images-gratuites-libres-de-droits-du-domaine-public-1-300x200.jpg 300w, https:\/\/rhuys-concept.com\/WordPress\/2011\/wp-content\/uploads\/2020\/09\/images-gratuites-libres-de-droits-du-domaine-public-1-1024x683.jpg 1024w, https:\/\/rhuys-concept.com\/WordPress\/2011\/wp-content\/uploads\/2020\/09\/images-gratuites-libres-de-droits-du-domaine-public-1-768x512.jpg 768w, https:\/\/rhuys-concept.com\/WordPress\/2011\/wp-content\/uploads\/2020\/09\/images-gratuites-libres-de-droits-du-domaine-public-1-1536x1024.jpg 1536w, https:\/\/rhuys-concept.com\/WordPress\/2011\/wp-content\/uploads\/2020\/09\/images-gratuites-libres-de-droits-du-domaine-public-1-2048x1365.jpg 2048w\" sizes=\"auto, (max-width: 300px) 100vw, 300px\" \/><\/a><\/p>\n<p>&nbsp;<\/p>\n<p>En moyenne, nous r\u00e9pondons \u00e0 vos demandes de devis en moins de 48h.\u00a0A taille humaine, notre bureau d&rsquo;\u00e9tudes propose des prestations \u00e0 des prix comp\u00e9titifs dans des d\u00e9lais courts, adapt\u00e9s \u00e0 votre besoin.<\/p>\n<p>&nbsp;<\/p>\n<hr \/>\n<p>&nbsp;<\/p>\n\n<div class=\"wpcf7 no-js\" id=\"wpcf7-f112-o1\" lang=\"fr-FR\" dir=\"ltr\" data-wpcf7-id=\"112\">\n<div class=\"screen-reader-response\"><p role=\"status\" aria-live=\"polite\" aria-atomic=\"true\"><\/p> <ul><\/ul><\/div>\n<form action=\"\/index.php?rest_route=%2Fwp%2Fv2%2Fpages%2F18#wpcf7-f112-o1\" method=\"post\" class=\"wpcf7-form init\" aria-label=\"Formulaire de contact\" enctype=\"multipart\/form-data\" novalidate=\"novalidate\" data-status=\"init\">\n<fieldset class=\"hidden-fields-container\"><input type=\"hidden\" name=\"_wpcf7\" value=\"112\" \/><input type=\"hidden\" name=\"_wpcf7_version\" value=\"6.1.5\" \/><input type=\"hidden\" name=\"_wpcf7_locale\" value=\"fr_FR\" \/><input type=\"hidden\" name=\"_wpcf7_unit_tag\" value=\"wpcf7-f112-o1\" \/><input type=\"hidden\" name=\"_wpcf7_container_post\" value=\"0\" \/><input type=\"hidden\" name=\"_wpcf7_posted_data_hash\" value=\"\" \/>\n<\/fieldset>\n<p><label> Votre nom (obligatoire)<br \/>\n<span class=\"wpcf7-form-control-wrap\" data-name=\"your-name\"><input size=\"40\" maxlength=\"400\" class=\"wpcf7-form-control wpcf7-text wpcf7-validates-as-required\" aria-required=\"true\" aria-invalid=\"false\" value=\"\" type=\"text\" name=\"your-name\" \/><\/span> <\/label>\n<\/p>\n<p><label> Votre adresse de messagerie (obligatoire)<br \/>\n<span class=\"wpcf7-form-control-wrap\" data-name=\"your-email\"><input size=\"40\" maxlength=\"400\" class=\"wpcf7-form-control wpcf7-email wpcf7-validates-as-required wpcf7-text wpcf7-validates-as-email\" aria-required=\"true\" aria-invalid=\"false\" value=\"\" type=\"email\" name=\"your-email\" \/><\/span> <\/label>\n<\/p>\n<p><label> Objet<br \/>\n<span class=\"wpcf7-form-control-wrap\" data-name=\"your-subject\"><input size=\"40\" maxlength=\"400\" class=\"wpcf7-form-control wpcf7-text\" aria-invalid=\"false\" value=\"\" type=\"text\" name=\"your-subject\" \/><\/span> <\/label>\n<\/p>\n<p><label> Votre message<br \/>\n<span class=\"wpcf7-form-control-wrap\" data-name=\"your-message\"><textarea cols=\"40\" rows=\"10\" maxlength=\"2000\" class=\"wpcf7-form-control wpcf7-textarea\" aria-invalid=\"false\" name=\"your-message\"><\/textarea><\/span> <\/label>\n<\/p>\n<p><span class=\"wpcf7-form-control-wrap\" data-name=\"file-879\"><input size=\"40\" class=\"wpcf7-form-control wpcf7-file\" accept=\".pdf,.doc,.xls,.dwg,.zip\" aria-invalid=\"false\" type=\"file\" name=\"file-879\" \/><\/span>\n<\/p>\n<p><input class=\"wpcf7-form-control wpcf7-submit has-spinner\" type=\"submit\" value=\"Envoyer\" \/>\n<\/p><div class=\"wpcf7-response-output\" aria-hidden=\"true\"><\/div>\n<\/form>\n<\/div>\n\n<p>&nbsp;<\/p>\n","protected":false},"excerpt":{"rendered":"<p>&nbsp; Vous souhaitez prendre contact avec nous ou nous soumettre un projet ? Contactez-nous directement et nous \u00e9changerons en d\u00e9tails sur vos probl\u00e9matiques, vos contraintes, votre planning Rhuys Concept EURL 3 rue de Gov\u00e9an, Zone de Kerollaire III, 56370 Sarzeau Tel : 02-97-26-80-68 \/ 06-20-79-69-40 Email : contact(arobase)rhuys-concept.com &nbsp; En moyenne, nous r\u00e9pondons \u00e0 vos&hellip;<\/p>\n","protected":false},"author":1,"featured_media":0,"parent":0,"menu_order":7,"comment_status":"closed","ping_status":"closed","template":"","meta":{"footnotes":""},"class_list":["post-18","page","type-page","status-publish","hentry"],"_links":{"self":[{"href":"https:\/\/www.rhuys-concept.com\/index.php?rest_route=\/wp\/v2\/pages\/18","targetHints":{"allow":["GET"]}}],"collection":[{"href":"https:\/\/www.rhuys-concept.com\/index.php?rest_route=\/wp\/v2\/pages"}],"about":[{"href":"https:\/\/www.rhuys-concept.com\/index.php?rest_route=\/wp\/v2\/types\/page"}],"author":[{"embeddable":true,"href":"https:\/\/www.rhuys-concept.com\/index.php?rest_route=\/wp\/v2\/users\/1"}],"replies":[{"embeddable":true,"href":"https:\/\/www.rhuys-concept.com\/index.php?rest_route=%2Fwp%2Fv2%2Fcomments&post=18"}],"version-history":[{"count":32,"href":"https:\/\/www.rhuys-concept.com\/index.php?rest_route=\/wp\/v2\/pages\/18\/revisions"}],"predecessor-version":[{"id":390,"href":"https:\/\/www.rhuys-concept.com\/index.php?rest_route=\/wp\/v2\/pages\/18\/revisions\/390"}],"wp:attachment":[{"href":"https:\/\/www.rhuys-concept.com\/index.php?rest_route=%2Fwp%2Fv2%2Fmedia&parent=18"}],"curies":[{"name":"wp","href":"https:\/\/api.w.org\/{rel}","templated":true}]}}